{"id":11,"date":"2023-03-30T13:39:23","date_gmt":"2023-03-30T11:39:23","guid":{"rendered":"https:\/\/lesjardinsdelacollenoire.fr\/?page_id=11"},"modified":"2023-05-04T15:46:57","modified_gmt":"2023-05-04T13:46:57","slug":"nos-activites","status":"publish","type":"page","link":"https:\/\/lesjardinsdelacollenoire.fr\/en\/nos-activites\/","title":{"rendered":"Our activities"},"content":{"rendered":"<div data-elementor-type=\"wp-page\" data-elementor-id=\"11\" class=\"elementor elementor-11\">\n\t\t\t\t<div class=\"elementor-element elementor-element-f40622d e-flex e-con-boxed e-con e-parent\" data-id=\"f40622d\" data-element_type=\"container\" data-e-type=\"container\" data-settings=\"{&quot;background_background&quot;:&quot;classic&quot;}\">\n\t\t\t\t\t<div class=\"e-con-inner\">\n\t\t<div class=\"elementor-element elementor-element-9220f19 e-con-full e-flex e-con e-child\" data-id=\"9220f19\" data-element_type=\"container\" data-e-type=\"container\">\n\t\t<div class=\"elementor-element elementor-element-923e689 e-flex e-con-boxed e-con e-child\" data-id=\"923e689\" data-element_type=\"container\" data-e-type=\"container\">\n\t\t\t\t\t<div class=\"e-con-inner\">\n\t\t<div class=\"elementor-element elementor-element-3289d23 e-con-full e-flex e-con e-child\" data-id=\"3289d23\" data-element_type=\"container\" data-e-type=\"container\">\n\t\t\t\t<div class=\"elementor-element elementor-element-a2306df elementor-widget elementor-widget-image\" data-id=\"a2306df\" data-element_type=\"widget\" data-e-type=\"widget\" data-widget_type=\"image.default\">\n\t\t\t\t<div class=\"elementor-widget-container\">\n\t\t\t\t\t\t\t\t\t\t\t\t\t\t\t<img fetchpriority=\"high\" decoding=\"async\" width=\"756\" height=\"1008\" src=\"https:\/\/lesjardinsdelacollenoire.fr\/wp-content\/uploads\/2023\/03\/2366.jpeg\" class=\"attachment-medium_large size-medium_large wp-image-141\" alt=\"\" srcset=\"https:\/\/lesjardinsdelacollenoire.fr\/wp-content\/uploads\/2023\/03\/2366.jpeg 756w, https:\/\/lesjardinsdelacollenoire.fr\/wp-content\/uploads\/2023\/03\/2366-225x300.jpeg 225w\" sizes=\"(max-width: 756px) 100vw, 756px\" \/>\t\t\t\t\t\t\t\t\t\t\t\t\t\t\t<\/div>\n\t\t\t\t<\/div>\n\t\t\t\t<\/div>\n\t\t<div class=\"elementor-element elementor-element-b7f857a e-con-full e-flex e-con e-child\" data-id=\"b7f857a\" data-element_type=\"container\" data-e-type=\"container\">\n\t\t\t\t<div class=\"elementor-element elementor-element-9eb0565 elementor-widget elementor-widget-image\" data-id=\"9eb0565\" data-element_type=\"widget\" data-e-type=\"widget\" data-widget_type=\"image.default\">\n\t\t\t\t<div class=\"elementor-widget-container\">\n\t\t\t\t\t\t\t\t\t\t\t\t\t\t\t<img decoding=\"async\" width=\"768\" height=\"768\" src=\"https:\/\/lesjardinsdelacollenoire.fr\/wp-content\/uploads\/2023\/03\/5237-768x768.jpeg\" class=\"attachment-medium_large size-medium_large wp-image-142\" alt=\"\" srcset=\"https:\/\/lesjardinsdelacollenoire.fr\/wp-content\/uploads\/2023\/03\/5237-768x768.jpeg 768w, https:\/\/lesjardinsdelacollenoire.fr\/wp-content\/uploads\/2023\/03\/5237-300x300.jpeg 300w, https:\/\/lesjardinsdelacollenoire.fr\/wp-content\/uploads\/2023\/03\/5237-1024x1024.jpeg 1024w, https:\/\/lesjardinsdelacollenoire.fr\/wp-content\/uploads\/2023\/03\/5237-150x150.jpeg 150w, https:\/\/lesjardinsdelacollenoire.fr\/wp-content\/uploads\/2023\/03\/5237-1536x1536.jpeg 1536w, https:\/\/lesjardinsdelacollenoire.fr\/wp-content\/uploads\/2023\/03\/5237-2048x2048.jpeg 2048w\" sizes=\"(max-width: 768px) 100vw, 768px\" \/>\t\t\t\t\t\t\t\t\t\t\t\t\t\t\t<\/div>\n\t\t\t\t<\/div>\n\t\t\t\t<\/div>\n\t\t\t\t\t<\/div>\n\t\t\t\t<\/div>\n\t\t<div class=\"elementor-element elementor-element-4f0e047 e-flex e-con-boxed e-con e-child\" data-id=\"4f0e047\" data-element_type=\"container\" data-e-type=\"container\">\n\t\t\t\t\t<div class=\"e-con-inner\">\n\t\t\t\t<div class=\"elementor-element elementor-element-a4b0dff elementor-widget elementor-widget-image\" data-id=\"a4b0dff\" data-element_type=\"widget\" data-e-type=\"widget\" data-widget_type=\"image.default\">\n\t\t\t\t<div class=\"elementor-widget-container\">\n\t\t\t\t\t\t\t\t\t\t\t\t\t\t\t<img decoding=\"async\" width=\"768\" height=\"499\" src=\"https:\/\/lesjardinsdelacollenoire.fr\/wp-content\/uploads\/2023\/03\/jasminum-grandiflorum-768x499.jpg\" class=\"attachment-medium_large size-medium_large wp-image-143\" alt=\"\" srcset=\"https:\/\/lesjardinsdelacollenoire.fr\/wp-content\/uploads\/2023\/03\/jasminum-grandiflorum-768x499.jpg 768w, https:\/\/lesjardinsdelacollenoire.fr\/wp-content\/uploads\/2023\/03\/jasminum-grandiflorum-300x195.jpg 300w, https:\/\/lesjardinsdelacollenoire.fr\/wp-content\/uploads\/2023\/03\/jasminum-grandiflorum-1024x666.jpg 1024w, https:\/\/lesjardinsdelacollenoire.fr\/wp-content\/uploads\/2023\/03\/jasminum-grandiflorum-1536x998.jpg 1536w, https:\/\/lesjardinsdelacollenoire.fr\/wp-content\/uploads\/2023\/03\/jasminum-grandiflorum.jpg 2000w\" sizes=\"(max-width: 768px) 100vw, 768px\" \/>\t\t\t\t\t\t\t\t\t\t\t\t\t\t\t<\/div>\n\t\t\t\t<\/div>\n\t\t\t\t\t<\/div>\n\t\t\t\t<\/div>\n\t\t\t\t<\/div>\n\t\t<div class=\"elementor-element elementor-element-66ecac0 e-con-full e-flex e-con e-child\" data-id=\"66ecac0\" data-element_type=\"container\" data-e-type=\"container\">\n\t\t\t\t<div class=\"elementor-element elementor-element-3f02d84 elementor-widget elementor-widget-heading\" data-id=\"3f02d84\" data-element_type=\"widget\" data-e-type=\"widget\" data-widget_type=\"heading.default\">\n\t\t\t\t<div class=\"elementor-widget-container\">\n\t\t\t\t\t<h1 class=\"elementor-heading-title elementor-size-default\">Les Jardins de la Colle Noire<\/h1>\t\t\t\t<\/div>\n\t\t\t\t<\/div>\n\t\t\t\t<div class=\"elementor-element elementor-element-9b2ec9a elementor-widget elementor-widget-text-editor\" data-id=\"9b2ec9a\" data-element_type=\"widget\" data-e-type=\"widget\" data-widget_type=\"text-editor.default\">\n\t\t\t\t<div class=\"elementor-widget-container\">\n\t\t\t\t\t\t\t\t\t<p>Les Jardins de la Colle Noire is a company specialized in the production of fragrance plants. Founded in July 2016 by Alain Rebuffel and Pascal Guignon, the company relies on the expertise of several generations in the cultivation of organic fragrance plants.<\/p><p>We cultivate centifolia roses, grandiflorum jasmine, and tuberose using environmentally-friendly agricultural practices, with a combination of mechanical (micro tractor) and artisanal work.<\/p>\t\t\t\t\t\t\t\t<\/div>\n\t\t\t\t<\/div>\n\t\t<div class=\"elementor-element elementor-element-c54bd7b e-flex e-con-boxed e-con e-child\" data-id=\"c54bd7b\" data-element_type=\"container\" data-e-type=\"container\">\n\t\t\t\t\t<div class=\"e-con-inner\">\n\t\t<div class=\"elementor-element elementor-element-40d347a e-flex e-con-boxed e-con e-child\" data-id=\"40d347a\" data-element_type=\"container\" data-e-type=\"container\">\n\t\t\t\t\t<div class=\"e-con-inner\">\n\t\t\t\t<div class=\"elementor-element elementor-element-a486ba9 elementor-widget elementor-widget-heading\" data-id=\"a486ba9\" data-element_type=\"widget\" data-e-type=\"widget\" data-widget_type=\"heading.default\">\n\t\t\t\t<div class=\"elementor-widget-container\">\n\t\t\t\t\t<h2 class=\"elementor-heading-title elementor-size-default\">2017<\/h2>\t\t\t\t<\/div>\n\t\t\t\t<\/div>\n\t\t\t\t<div class=\"elementor-element elementor-element-e2888d9 elementor-widget elementor-widget-text-editor\" data-id=\"e2888d9\" data-element_type=\"widget\" data-e-type=\"widget\" data-widget_type=\"text-editor.default\">\n\t\t\t\t<div class=\"elementor-widget-container\">\n\t\t\t\t\t\t\t\t\t<p>Starting rose cultivation.<\/p>\t\t\t\t\t\t\t\t<\/div>\n\t\t\t\t<\/div>\n\t\t\t\t\t<\/div>\n\t\t\t\t<\/div>\n\t\t<div class=\"elementor-element elementor-element-f3c4501 e-flex e-con-boxed e-con e-child\" data-id=\"f3c4501\" data-element_type=\"container\" data-e-type=\"container\">\n\t\t\t\t\t<div class=\"e-con-inner\">\n\t\t\t\t<div class=\"elementor-element elementor-element-c8ebc25 elementor-widget elementor-widget-heading\" data-id=\"c8ebc25\" data-element_type=\"widget\" data-e-type=\"widget\" data-widget_type=\"heading.default\">\n\t\t\t\t<div class=\"elementor-widget-container\">\n\t\t\t\t\t<h2 class=\"elementor-heading-title elementor-size-default\">2018<\/h2>\t\t\t\t<\/div>\n\t\t\t\t<\/div>\n\t\t\t\t<div class=\"elementor-element elementor-element-964557e elementor-widget elementor-widget-text-editor\" data-id=\"964557e\" data-element_type=\"widget\" data-e-type=\"widget\" data-widget_type=\"text-editor.default\">\n\t\t\t\t<div class=\"elementor-widget-container\">\n\t\t\t\t\t\t\t\t\t<p>Starting Jasmine and Tuberose cultivation.<\/p>\t\t\t\t\t\t\t\t<\/div>\n\t\t\t\t<\/div>\n\t\t\t\t\t<\/div>\n\t\t\t\t<\/div>\n\t\t\t\t\t<\/div>\n\t\t\t\t<\/div>\n\t\t\t\t<div class=\"elementor-element elementor-element-1dbbc71 elementor-widget elementor-widget-text-editor\" data-id=\"1dbbc71\" data-element_type=\"widget\" data-e-type=\"widget\" data-widget_type=\"text-editor.default\">\n\t\t\t\t<div class=\"elementor-widget-container\">\n\t\t\t\t\t\t\t\t\t<p>Les Jardins de la Colle Noire provide the perfume industry with exceptional quality flowers thanks to their experience and expertise.<\/p><p>\u00a0<\/p>\t\t\t\t\t\t\t\t<\/div>\n\t\t\t\t<\/div>\n\t\t\t\t<\/div>\n\t\t\t\t\t<\/div>\n\t\t\t\t<\/div>\n\t\t\t\t<\/div>","protected":false},"excerpt":{"rendered":"<p>Les Jardins de la Colle Noire Les Jardins de la Colle Noire est une entreprise sp\u00e9cialis\u00e9e dans la production de plantes \u00e0 parfums. Fond\u00e9e en juillet 2016 par Alain Rebuffel et Pascal Guignon, l&rsquo;entreprise s&rsquo;appuie sur l&rsquo;expertise de plusieurs g\u00e9n\u00e9rations dans la culture des plantes \u00e0 parfums biologiques. Nous cultivons des rosiers centifolia, des jasmins [&hellip;]<\/p>\n","protected":false},"author":1,"featured_media":0,"parent":0,"menu_order":0,"comment_status":"closed","ping_status":"closed","template":"","meta":{"site-sidebar-layout":"no-sidebar","site-content-layout":"page-builder","ast-site-content-layout":"default","site-content-style":"default","site-sidebar-style":"default","ast-global-header-display":"","ast-banner-title-visibility":"","ast-main-header-display":"","ast-hfb-above-header-display":"","ast-hfb-below-header-display":"","ast-hfb-mobile-header-display":"","site-post-title":"disabled","ast-breadcrumbs-content":"","ast-featured-img":"disabled","footer-sml-layout":"","ast-disable-related-posts":"","theme-transparent-header-meta":"","adv-header-id-meta":"","stick-header-meta":"","header-above-stick-meta":"","header-main-stick-meta":"","header-below-stick-meta":"","astra-migrate-meta-layouts":"default","ast-page-background-enabled":"default","ast-page-background-meta":{"desktop":{"background-color":"var(--ast-global-color-4)","background-image":"","background-repeat":"repeat","background-position":"center center","background-size":"auto","background-attachment":"scroll","background-type":"","background-media":"","overlay-type":"","overlay-color":"","overlay-opacity":"","overlay-gradient":""},"tablet":{"background-color":"","background-image":"","background-repeat":"repeat","background-position":"center center","background-size":"auto","background-attachment":"scroll","background-type":"","background-media":"","overlay-type":"","overlay-color":"","overlay-opacity":"","overlay-gradient":""},"mobile":{"background-color":"","background-image":"","background-repeat":"repeat","background-position":"center center","background-size":"auto","background-attachment":"scroll","background-type":"","background-media":"","overlay-type":"","overlay-color":"","overlay-opacity":"","overlay-gradient":""}},"ast-content-background-meta":{"desktop":{"background-color":"var(--ast-global-color-5)","background-image":"","background-repeat":"repeat","background-position":"center center","background-size":"auto","background-attachment":"scroll","background-type":"","background-media":"","overlay-type":"","overlay-color":"","overlay-opacity":"","overlay-gradient":""},"tablet":{"background-color":"var(--ast-global-color-5)","background-image":"","background-repeat":"repeat","background-position":"center center","background-size":"auto","background-attachment":"scroll","background-type":"","background-media":"","overlay-type":"","overlay-color":"","overlay-opacity":"","overlay-gradient":""},"mobile":{"background-color":"var(--ast-global-color-5)","background-image":"","background-repeat":"repeat","background-position":"center center","background-size":"auto","background-attachment":"scroll","background-type":"","background-media":"","overlay-type":"","overlay-color":"","overlay-opacity":"","overlay-gradient":""}},"footnotes":""},"class_list":["post-11","page","type-page","status-publish","hentry"],"yoast_head":"<!-- This site is optimized with the Yoast SEO plugin v27.4 - https:\/\/yoast.com\/product\/yoast-seo-wordpress\/ -->\n<title>Nos activit\u00e9s - Les Jardins de la Colle Noire<\/title>\n<meta name=\"robots\" content=\"index, follow, max-snippet:-1, max-image-preview:large, max-video-preview:-1\" \/>\n<link rel=\"canonical\" href=\"https:\/\/lesjardinsdelacollenoire.fr\/en\/nos-activites\/\" \/>\n<meta property=\"og:locale\" content=\"en_GB\" \/>\n<meta property=\"og:type\" content=\"article\" \/>\n<meta property=\"og:title\" content=\"Nos activit\u00e9s - Les Jardins de la Colle Noire\" \/>\n<meta property=\"og:description\" content=\"Les Jardins de la Colle Noire Les Jardins de la Colle Noire est une entreprise sp\u00e9cialis\u00e9e dans la production de plantes \u00e0 parfums. Fond\u00e9e en juillet 2016 par Alain Rebuffel et Pascal Guignon, l&rsquo;entreprise s&rsquo;appuie sur l&rsquo;expertise de plusieurs g\u00e9n\u00e9rations dans la culture des plantes \u00e0 parfums biologiques. Nous cultivons des rosiers centifolia, des jasmins [&hellip;]\" \/>\n<meta property=\"og:url\" content=\"https:\/\/lesjardinsdelacollenoire.fr\/en\/nos-activites\/\" \/>\n<meta property=\"og:site_name\" content=\"Les Jardins de la Colle Noire\" \/>\n<meta property=\"article:modified_time\" content=\"2023-05-04T13:46:57+00:00\" \/>\n<meta property=\"og:image\" content=\"https:\/\/lesjardinsdelacollenoire.fr\/wp-content\/uploads\/2023\/03\/2366.jpeg\" \/>\n<meta name=\"twitter:card\" content=\"summary_large_image\" \/>\n<meta name=\"twitter:label1\" content=\"Estimated reading time\" \/>\n\t<meta name=\"twitter:data1\" content=\"2 minutes\" \/>\n<script type=\"application\/ld+json\" class=\"yoast-schema-graph\">{\"@context\":\"https:\\\/\\\/schema.org\",\"@graph\":[{\"@type\":\"WebPage\",\"@id\":\"https:\\\/\\\/lesjardinsdelacollenoire.fr\\\/nos-activites\\\/\",\"url\":\"https:\\\/\\\/lesjardinsdelacollenoire.fr\\\/nos-activites\\\/\",\"name\":\"Nos activit\u00e9s - Les Jardins de la Colle Noire\",\"isPartOf\":{\"@id\":\"https:\\\/\\\/lesjardinsdelacollenoire.fr\\\/#website\"},\"primaryImageOfPage\":{\"@id\":\"https:\\\/\\\/lesjardinsdelacollenoire.fr\\\/nos-activites\\\/#primaryimage\"},\"image\":{\"@id\":\"https:\\\/\\\/lesjardinsdelacollenoire.fr\\\/nos-activites\\\/#primaryimage\"},\"thumbnailUrl\":\"https:\\\/\\\/lesjardinsdelacollenoire.fr\\\/wp-content\\\/uploads\\\/2023\\\/03\\\/2366.jpeg\",\"datePublished\":\"2023-03-30T11:39:23+00:00\",\"dateModified\":\"2023-05-04T13:46:57+00:00\",\"breadcrumb\":{\"@id\":\"https:\\\/\\\/lesjardinsdelacollenoire.fr\\\/nos-activites\\\/#breadcrumb\"},\"inLanguage\":\"en-GB\",\"potentialAction\":[{\"@type\":\"ReadAction\",\"target\":[\"https:\\\/\\\/lesjardinsdelacollenoire.fr\\\/nos-activites\\\/\"]}]},{\"@type\":\"ImageObject\",\"inLanguage\":\"en-GB\",\"@id\":\"https:\\\/\\\/lesjardinsdelacollenoire.fr\\\/nos-activites\\\/#primaryimage\",\"url\":\"https:\\\/\\\/lesjardinsdelacollenoire.fr\\\/wp-content\\\/uploads\\\/2023\\\/03\\\/2366.jpeg\",\"contentUrl\":\"https:\\\/\\\/lesjardinsdelacollenoire.fr\\\/wp-content\\\/uploads\\\/2023\\\/03\\\/2366.jpeg\"},{\"@type\":\"BreadcrumbList\",\"@id\":\"https:\\\/\\\/lesjardinsdelacollenoire.fr\\\/nos-activites\\\/#breadcrumb\",\"itemListElement\":[{\"@type\":\"ListItem\",\"position\":1,\"name\":\"Accueil\",\"item\":\"https:\\\/\\\/lesjardinsdelacollenoire.fr\\\/\"},{\"@type\":\"ListItem\",\"position\":2,\"name\":\"Nos activit\u00e9s\"}]},{\"@type\":\"WebSite\",\"@id\":\"https:\\\/\\\/lesjardinsdelacollenoire.fr\\\/#website\",\"url\":\"https:\\\/\\\/lesjardinsdelacollenoire.fr\\\/\",\"name\":\"Les Jardins de la Colle Noire\",\"description\":\"\",\"publisher\":{\"@id\":\"https:\\\/\\\/lesjardinsdelacollenoire.fr\\\/#organization\"},\"potentialAction\":[{\"@type\":\"SearchAction\",\"target\":{\"@type\":\"EntryPoint\",\"urlTemplate\":\"https:\\\/\\\/lesjardinsdelacollenoire.fr\\\/?s={search_term_string}\"},\"query-input\":{\"@type\":\"PropertyValueSpecification\",\"valueRequired\":true,\"valueName\":\"search_term_string\"}}],\"inLanguage\":\"en-GB\"},{\"@type\":\"Organization\",\"@id\":\"https:\\\/\\\/lesjardinsdelacollenoire.fr\\\/#organization\",\"name\":\"Les Jardins de la Colle Noire\",\"url\":\"https:\\\/\\\/lesjardinsdelacollenoire.fr\\\/\",\"logo\":{\"@type\":\"ImageObject\",\"inLanguage\":\"en-GB\",\"@id\":\"https:\\\/\\\/lesjardinsdelacollenoire.fr\\\/#\\\/schema\\\/logo\\\/image\\\/\",\"url\":\"https:\\\/\\\/lesjardinsdelacollenoire.fr\\\/wp-content\\\/uploads\\\/2023\\\/03\\\/cropped-logo-la-colle-noire.png\",\"contentUrl\":\"https:\\\/\\\/lesjardinsdelacollenoire.fr\\\/wp-content\\\/uploads\\\/2023\\\/03\\\/cropped-logo-la-colle-noire.png\",\"width\":1308,\"height\":745,\"caption\":\"Les Jardins de la Colle Noire\"},\"image\":{\"@id\":\"https:\\\/\\\/lesjardinsdelacollenoire.fr\\\/#\\\/schema\\\/logo\\\/image\\\/\"}}]}<\/script>\n<!-- \/ Yoast SEO plugin. -->","yoast_head_json":{"title":"Nos activit\u00e9s - Les Jardins de la Colle Noire","robots":{"index":"index","follow":"follow","max-snippet":"max-snippet:-1","max-image-preview":"max-image-preview:large","max-video-preview":"max-video-preview:-1"},"canonical":"https:\/\/lesjardinsdelacollenoire.fr\/en\/nos-activites\/","og_locale":"en_GB","og_type":"article","og_title":"Nos activit\u00e9s - Les Jardins de la Colle Noire","og_description":"Les Jardins de la Colle Noire Les Jardins de la Colle Noire est une entreprise sp\u00e9cialis\u00e9e dans la production de plantes \u00e0 parfums. Fond\u00e9e en juillet 2016 par Alain Rebuffel et Pascal Guignon, l&rsquo;entreprise s&rsquo;appuie sur l&rsquo;expertise de plusieurs g\u00e9n\u00e9rations dans la culture des plantes \u00e0 parfums biologiques. Nous cultivons des rosiers centifolia, des jasmins [&hellip;]","og_url":"https:\/\/lesjardinsdelacollenoire.fr\/en\/nos-activites\/","og_site_name":"Les Jardins de la Colle Noire","article_modified_time":"2023-05-04T13:46:57+00:00","og_image":[{"url":"https:\/\/lesjardinsdelacollenoire.fr\/wp-content\/uploads\/2023\/03\/2366.jpeg","type":"","width":"","height":""}],"twitter_card":"summary_large_image","twitter_misc":{"Estimated reading time":"2 minutes"},"schema":{"@context":"https:\/\/schema.org","@graph":[{"@type":"WebPage","@id":"https:\/\/lesjardinsdelacollenoire.fr\/nos-activites\/","url":"https:\/\/lesjardinsdelacollenoire.fr\/nos-activites\/","name":"Nos activit\u00e9s - Les Jardins de la Colle Noire","isPartOf":{"@id":"https:\/\/lesjardinsdelacollenoire.fr\/#website"},"primaryImageOfPage":{"@id":"https:\/\/lesjardinsdelacollenoire.fr\/nos-activites\/#primaryimage"},"image":{"@id":"https:\/\/lesjardinsdelacollenoire.fr\/nos-activites\/#primaryimage"},"thumbnailUrl":"https:\/\/lesjardinsdelacollenoire.fr\/wp-content\/uploads\/2023\/03\/2366.jpeg","datePublished":"2023-03-30T11:39:23+00:00","dateModified":"2023-05-04T13:46:57+00:00","breadcrumb":{"@id":"https:\/\/lesjardinsdelacollenoire.fr\/nos-activites\/#breadcrumb"},"inLanguage":"en-GB","potentialAction":[{"@type":"ReadAction","target":["https:\/\/lesjardinsdelacollenoire.fr\/nos-activites\/"]}]},{"@type":"ImageObject","inLanguage":"en-GB","@id":"https:\/\/lesjardinsdelacollenoire.fr\/nos-activites\/#primaryimage","url":"https:\/\/lesjardinsdelacollenoire.fr\/wp-content\/uploads\/2023\/03\/2366.jpeg","contentUrl":"https:\/\/lesjardinsdelacollenoire.fr\/wp-content\/uploads\/2023\/03\/2366.jpeg"},{"@type":"BreadcrumbList","@id":"https:\/\/lesjardinsdelacollenoire.fr\/nos-activites\/#breadcrumb","itemListElement":[{"@type":"ListItem","position":1,"name":"Accueil","item":"https:\/\/lesjardinsdelacollenoire.fr\/"},{"@type":"ListItem","position":2,"name":"Nos activit\u00e9s"}]},{"@type":"WebSite","@id":"https:\/\/lesjardinsdelacollenoire.fr\/#website","url":"https:\/\/lesjardinsdelacollenoire.fr\/","name":"Les Jardins de la Colle Noire","description":"","publisher":{"@id":"https:\/\/lesjardinsdelacollenoire.fr\/#organization"},"potentialAction":[{"@type":"SearchAction","target":{"@type":"EntryPoint","urlTemplate":"https:\/\/lesjardinsdelacollenoire.fr\/?s={search_term_string}"},"query-input":{"@type":"PropertyValueSpecification","valueRequired":true,"valueName":"search_term_string"}}],"inLanguage":"en-GB"},{"@type":"Organization","@id":"https:\/\/lesjardinsdelacollenoire.fr\/#organization","name":"Les Jardins de la Colle Noire","url":"https:\/\/lesjardinsdelacollenoire.fr\/","logo":{"@type":"ImageObject","inLanguage":"en-GB","@id":"https:\/\/lesjardinsdelacollenoire.fr\/#\/schema\/logo\/image\/","url":"https:\/\/lesjardinsdelacollenoire.fr\/wp-content\/uploads\/2023\/03\/cropped-logo-la-colle-noire.png","contentUrl":"https:\/\/lesjardinsdelacollenoire.fr\/wp-content\/uploads\/2023\/03\/cropped-logo-la-colle-noire.png","width":1308,"height":745,"caption":"Les Jardins de la Colle Noire"},"image":{"@id":"https:\/\/lesjardinsdelacollenoire.fr\/#\/schema\/logo\/image\/"}}]}},"_links":{"self":[{"href":"https:\/\/lesjardinsdelacollenoire.fr\/en\/wp-json\/wp\/v2\/pages\/11","targetHints":{"allow":["GET"]}}],"collection":[{"href":"https:\/\/lesjardinsdelacollenoire.fr\/en\/wp-json\/wp\/v2\/pages"}],"about":[{"href":"https:\/\/lesjardinsdelacollenoire.fr\/en\/wp-json\/wp\/v2\/types\/page"}],"author":[{"embeddable":true,"href":"https:\/\/lesjardinsdelacollenoire.fr\/en\/wp-json\/wp\/v2\/users\/1"}],"replies":[{"embeddable":true,"href":"https:\/\/lesjardinsdelacollenoire.fr\/en\/wp-json\/wp\/v2\/comments?post=11"}],"version-history":[{"count":47,"href":"https:\/\/lesjardinsdelacollenoire.fr\/en\/wp-json\/wp\/v2\/pages\/11\/revisions"}],"predecessor-version":[{"id":271,"href":"https:\/\/lesjardinsdelacollenoire.fr\/en\/wp-json\/wp\/v2\/pages\/11\/revisions\/271"}],"wp:attachment":[{"href":"https:\/\/lesjardinsdelacollenoire.fr\/en\/wp-json\/wp\/v2\/media?parent=11"}],"curies":[{"name":"wp","href":"https:\/\/api.w.org\/{rel}","templated":true}]}}